{"id":35,"date":"2011-09-01T15:58:01","date_gmt":"2011-09-01T13:58:01","guid":{"rendered":"http:\/\/www.blue-bears.com\/blog\/?page_id=35"},"modified":"2016-03-28T22:40:58","modified_gmt":"2016-03-28T20:40:58","slug":"qui-sommes-nous","status":"publish","type":"page","link":"http:\/\/www.blue-bears.com\/blog\/?page_id=35","title":{"rendered":"Qui sommes nous ?"},"content":{"rendered":"<p>Vous trouverez ici :<\/p>\n<ul>\n<li>des id\u00e9es ,<\/li>\n<li>des recettes,<\/li>\n<li>Des \u00ab\u00a0howto\u00a0\u00bb&#8230;<\/li>\n<\/ul>\n<p>C&rsquo;est plus un pense-b\u00eate m\u00e9li-m\u00e9lo qu&rsquo;un blog. Une base de connaissances.<\/p>\n<p>Bien cordialement.<\/p>\n<p>Blue-Bear.<\/p>\n<p>&nbsp;<\/p>\n","protected":false},"excerpt":{"rendered":"<p>Vous trouverez ici : des id\u00e9es , des recettes, Des \u00ab\u00a0howto\u00a0\u00bb&#8230; C&rsquo;est plus un pense-b\u00eate m\u00e9li-m\u00e9lo qu&rsquo;un blog. Une base de connaissances. [&hellip;]<\/p>\n","protected":false},"author":1,"featured_media":0,"parent":0,"menu_order":0,"comment_status":"closed","ping_status":"open","template":"","meta":{"footnotes":""},"class_list":["post-35","page","type-page","status-publish","hentry"],"_links":{"self":[{"href":"http:\/\/www.blue-bears.com\/blog\/index.php?rest_route=\/wp\/v2\/pages\/35","targetHints":{"allow":["GET"]}}],"collection":[{"href":"http:\/\/www.blue-bears.com\/blog\/index.php?rest_route=\/wp\/v2\/pages"}],"about":[{"href":"http:\/\/www.blue-bears.com\/blog\/index.php?rest_route=\/wp\/v2\/types\/page"}],"author":[{"embeddable":true,"href":"http:\/\/www.blue-bears.com\/blog\/index.php?rest_route=\/wp\/v2\/users\/1"}],"replies":[{"embeddable":true,"href":"http:\/\/www.blue-bears.com\/blog\/index.php?rest_route=%2Fwp%2Fv2%2Fcomments&post=35"}],"version-history":[{"count":8,"href":"http:\/\/www.blue-bears.com\/blog\/index.php?rest_route=\/wp\/v2\/pages\/35\/revisions"}],"predecessor-version":[{"id":2894,"href":"http:\/\/www.blue-bears.com\/blog\/index.php?rest_route=\/wp\/v2\/pages\/35\/revisions\/2894"}],"wp:attachment":[{"href":"http:\/\/www.blue-bears.com\/blog\/index.php?rest_route=%2Fwp%2Fv2%2Fmedia&parent=35"}],"curies":[{"name":"wp","href":"https:\/\/api.w.org\/{rel}","templated":true}]}}